{"id":8,"date":"2017-02-24T10:20:42","date_gmt":"2017-02-24T09:20:42","guid":{"rendered":"http:\/\/gpflug.de\/website\/?page_id=8"},"modified":"2025-12-10T07:31:14","modified_gmt":"2025-12-10T06:31:14","slug":"ueber-mich","status":"publish","type":"page","link":"https:\/\/gpflug.de\/website\/ueber-mich\/","title":{"rendered":"\u00dcber mich"},"content":{"rendered":"<p>&nbsp;<\/p>\n<p><img loading=\"lazy\" decoding=\"async\" class=\"size-medium wp-image-3286 aligncenter\" src=\"https:\/\/gpflug.de\/website\/wp-content\/uploads\/2023\/07\/IMG_20221208_124545-300x225.jpg\" alt=\"IMG_20221208_124545\" width=\"300\" height=\"225\" srcset=\"https:\/\/gpflug.de\/website\/wp-content\/uploads\/2023\/07\/IMG_20221208_124545-300x225.jpg 300w, https:\/\/gpflug.de\/website\/wp-content\/uploads\/2023\/07\/IMG_20221208_124545-1024x768.jpg 1024w, https:\/\/gpflug.de\/website\/wp-content\/uploads\/2023\/07\/IMG_20221208_124545-768x576.jpg 768w, https:\/\/gpflug.de\/website\/wp-content\/uploads\/2023\/07\/IMG_20221208_124545-1536x1152.jpg 1536w, https:\/\/gpflug.de\/website\/wp-content\/uploads\/2023\/07\/IMG_20221208_124545-2048x1536.jpg 2048w\" sizes=\"auto, (max-width: 300px) 100vw, 300px\" \/><\/p>\n<p>&nbsp;<\/p>\n<p>Mein Name ist Gerhard Pflug. Ich bin 79 Jahre alt, verheiratet, zwei erwachsene T\u00f6chter. Ich lebe mit meiner Frau in einem Bauernhaus in einem kleinen Dorf in S\u00fcddeutschland. Ich bin Dipl. Sozialp\u00e4dagoge FH und unterrichtete an einer Fachakademie f\u00fcr Sozialp\u00e4dagogik. Wir bildeten Erzieherinnen aus. Ich bin Heilpraktiker mit dem Schwerpunkt Psychotherapie. 1978 machte ich meine Ausbildung zum Yogalehrer am \u00e4ltesten Yogainstitut der Welt in Bombay, Santa Cruz. Dies war sehr intensiv und dauerte sieben Monate. Seitdem bin ich Member of the International Board of Yoga IBY. Ich bin Eheberater und leite seit 1979 Yogakurse und psychotherapeutische Gruppen.<br \/>\nObwohl ich mit etlichen Techniken, sei es Familientherapie, Gespr\u00e4chspsychotherapie oder k\u00f6rperorientierten Methoden bekannt geworden bin und gerne damit arbeite, ist die Basis all meiner Arbeit der klassische Yoga.<\/p>\n<p>Yoga ist ein vollkommenes System, um K\u00f6rper, Denken und Seele zu Harmonie und Kraft zu entwickeln. F\u00fcr mich ist es nicht wichtig, komplizierte \u00dcbungen zu vermitteln, sondern sich alle Bereiche des Lebens anzuschauen, um es mit Freude und Energie bew\u00e4ltigen zu k\u00f6nnen. Dabei ist die Reflexion unserer Einstellungen und der philosophische Hintergrund genauso wichtig wie die Arbeit mit K\u00f6rper und Atem.<\/p>\n ","protected":false},"excerpt":{"rendered":"<p>&nbsp; &nbsp; Mein Name ist Gerhard Pflug. Ich bin 79 Jahre alt, verheiratet, zwei erwachsene T\u00f6chter. Ich lebe mit meiner Frau in einem Bauernhaus in einem kleinen Dorf in S\u00fcddeutschland. Ich bin Dipl. Sozialp\u00e4dagoge FH und unterrichtete an einer Fachakademie f\u00fcr Sozialp\u00e4dagogik. Wir bildeten Erzieherinnen aus. Ich bin Heilpraktiker mit dem Schwerpunkt Psychotherapie. 1978 machte &hellip; <\/p>\n<p class=\"link-more\"><a href=\"https:\/\/gpflug.de\/website\/ueber-mich\/\" class=\"more-link\"><span class=\"screen-reader-text\">\u201e\u00dcber mich\u201c <\/span>weiterlesen<\/a><\/p>\n","protected":false},"author":1,"featured_media":97,"parent":0,"menu_order":0,"comment_status":"closed","ping_status":"closed","template":"","meta":{"slim_seo":{"title":"\u00dcber mich - Yoga Life Gerhard Pflug","description":"&nbsp; &nbsp; Mein Name ist Gerhard Pflug. Ich bin 79 Jahre alt, verheiratet, zwei erwachsene T\u00f6chter. Ich lebe mit meiner Frau in einem Bauernhaus in einem kle"},"footnotes":""},"class_list":["post-8","page","type-page","status-publish","has-post-thumbnail","hentry"],"_links":{"self":[{"href":"https:\/\/gpflug.de\/website\/wp-json\/wp\/v2\/pages\/8","targetHints":{"allow":["GET"]}}],"collection":[{"href":"https:\/\/gpflug.de\/website\/wp-json\/wp\/v2\/pages"}],"about":[{"href":"https:\/\/gpflug.de\/website\/wp-json\/wp\/v2\/types\/page"}],"author":[{"embeddable":true,"href":"https:\/\/gpflug.de\/website\/wp-json\/wp\/v2\/users\/1"}],"replies":[{"embeddable":true,"href":"https:\/\/gpflug.de\/website\/wp-json\/wp\/v2\/comments?post=8"}],"version-history":[{"count":11,"href":"https:\/\/gpflug.de\/website\/wp-json\/wp\/v2\/pages\/8\/revisions"}],"predecessor-version":[{"id":4266,"href":"https:\/\/gpflug.de\/website\/wp-json\/wp\/v2\/pages\/8\/revisions\/4266"}],"wp:featuredmedia":[{"embeddable":true,"href":"https:\/\/gpflug.de\/website\/wp-json\/wp\/v2\/media\/97"}],"wp:attachment":[{"href":"https:\/\/gpflug.de\/website\/wp-json\/wp\/v2\/media?parent=8"}],"curies":[{"name":"wp","href":"https:\/\/api.w.org\/{rel}","templated":true}]}}