{"id":278,"date":"2017-03-03T16:47:51","date_gmt":"2017-03-03T15:47:51","guid":{"rendered":"http:\/\/gpflug.de\/website\/?page_id=278"},"modified":"2017-11-12T08:09:46","modified_gmt":"2017-11-12T07:09:46","slug":"zukunftswerkstatt","status":"publish","type":"page","link":"https:\/\/gpflug.de\/website\/zukunftswerkstatt\/","title":{"rendered":"Zukunftswerkstatt"},"content":{"rendered":"<p>Hierbei handelt es sich um ein von Robert Jungk entwickeltes Phasenmodell welches Ver\u00e4nderungsprozesse in Gang setzt, strukturiert und zielgerichtet zum Abschluss f\u00fchrt.<\/p>\n<p>Die Gruppe durchl\u00e4uft folgende Phasen:<\/p>\n<p>Beschwerde- und Kritikphase<br \/>\nDas Anliegen durch kritische Aufarbeitung des Problems genau zu kl\u00e4ren: Bestimmung des Ist-Zustandes.<\/p>\n<p>Phantasie- und Utopiephase<br \/>\nDen Ist-Zustand mit sozialer Phantasie und Kreativit\u00e4t \u00fcberwinden: Entwicklung des Wunschhorizontes.<\/p>\n<p>Verwirklichungs- und Praxisphase<br \/>\nTeile des Wunschhorizontes zu Forderungen bzw. Projektans\u00e4tzen verdichten: Kl\u00e4rung des Handlungspotentials.&#8220; [2]<\/p>\n<p>Evaluation und Feedback<br \/>\nZum Abschlu\u00df der Zukunftswerkstatt machte jeder Teilnehmer ein paar r\u00fcckblickende und ausblickende Aussagen<br \/>\nWenn alle Mitarbeiter gleichberechtigt bei der Planung und Projektierung beteiligt werden, sind optimale Ergebnisse zu erwarten. Das Seminar stellt eine Ausnahmesituation dar, in der sowohl neue Kommunikationsformen als auch M\u00f6glichkeiten der Projektierung ausprobiert werden k\u00f6nnen.<br \/>\nDas bedeutet:<br \/>\n&#8211; Mitarbeiter k\u00f6nnen Ideen einbringen, ohne die sonst \u00fcbliche Vorsicht vor Kritik. Dies ist eine Chance zu Vielfalt.<br \/>\n&#8211; Vorgesetzte k\u00f6nnen aus ihrer von der Hierarchie vorgegebenen Rolle heraus, was ebenfalls eine M\u00f6glichkeit zur Kreativit\u00e4tssteigerung darstellt.<\/p>\n<p>Am Ende steht ein Aktionsplan f\u00fcr das zuk\u00fcnftige Vorgehen.<\/p>\n<p>Teilnehmerkreis:<br \/>\nTeams, Projektgruppen, Kollegien usw.<\/p>\n<p>Dauer:<br \/>\n1 &#8211; 2 Tage<\/p>\n<p>Zur Transfersicherung w\u00e4re nach einigen Wochen ein weiteres eint\u00e4giges Treffen empfehlenswert.<\/p>\n<p>&nbsp;<\/p>\n ","protected":false},"excerpt":{"rendered":"<p>Hierbei handelt es sich um ein von Robert Jungk entwickeltes Phasenmodell welches Ver\u00e4nderungsprozesse in Gang setzt, strukturiert und zielgerichtet zum Abschluss f\u00fchrt. Die Gruppe durchl\u00e4uft folgende Phasen: Beschwerde- und Kritikphase Das Anliegen durch kritische Aufarbeitung des Problems genau zu kl\u00e4ren: Bestimmung des Ist-Zustandes. Phantasie- und Utopiephase Den Ist-Zustand mit sozialer Phantasie und Kreativit\u00e4t \u00fcberwinden: Entwicklung &hellip; <\/p>\n<p class=\"link-more\"><a href=\"https:\/\/gpflug.de\/website\/zukunftswerkstatt\/\" class=\"more-link\"><span class=\"screen-reader-text\">\u201eZukunftswerkstatt\u201c <\/span>weiterlesen<\/a><\/p>\n","protected":false},"author":2,"featured_media":0,"parent":0,"menu_order":0,"comment_status":"closed","ping_status":"closed","template":"","meta":{"slim_seo":{"title":"Zukunftswerkstatt - Yoga Life Gerhard Pflug","description":"Hierbei handelt es sich um ein von Robert Jungk entwickeltes Phasenmodell welches Ver\u00e4nderungsprozesse in Gang setzt, strukturiert und zielgerichtet zum Abschlu"},"footnotes":""},"class_list":["post-278","page","type-page","status-publish","hentry"],"_links":{"self":[{"href":"https:\/\/gpflug.de\/website\/wp-json\/wp\/v2\/pages\/278","targetHints":{"allow":["GET"]}}],"collection":[{"href":"https:\/\/gpflug.de\/website\/wp-json\/wp\/v2\/pages"}],"about":[{"href":"https:\/\/gpflug.de\/website\/wp-json\/wp\/v2\/types\/page"}],"author":[{"embeddable":true,"href":"https:\/\/gpflug.de\/website\/wp-json\/wp\/v2\/users\/2"}],"replies":[{"embeddable":true,"href":"https:\/\/gpflug.de\/website\/wp-json\/wp\/v2\/comments?post=278"}],"version-history":[{"count":3,"href":"https:\/\/gpflug.de\/website\/wp-json\/wp\/v2\/pages\/278\/revisions"}],"predecessor-version":[{"id":780,"href":"https:\/\/gpflug.de\/website\/wp-json\/wp\/v2\/pages\/278\/revisions\/780"}],"wp:attachment":[{"href":"https:\/\/gpflug.de\/website\/wp-json\/wp\/v2\/media?parent=278"}],"curies":[{"name":"wp","href":"https:\/\/api.w.org\/{rel}","templated":true}]}}