{"id":274,"date":"2017-03-03T16:43:18","date_gmt":"2017-03-03T15:43:18","guid":{"rendered":"http:\/\/gpflug.de\/website\/?page_id=274"},"modified":"2017-11-12T08:09:23","modified_gmt":"2017-11-12T07:09:23","slug":"teamtraining","status":"publish","type":"page","link":"https:\/\/gpflug.de\/website\/teamtraining\/","title":{"rendered":"Teamtraining"},"content":{"rendered":"<p>Teamtraining mit TZI bedeutet Themenzentrierte Interaktion.<br \/>\nEs ist ein System, welches:<br \/>\n&#8211; die f\u00fcnf Faktoren ( der Leiter, der Einzelne, die Gruppe, das Thema, die \u00e4u\u00dferen Bedingungen), in denen jede Themenorientierte Interaktion stattfindet, steuern hilft.<br \/>\n&#8211; das Team zu einer sich zunehmend selbststeuernden Einheit macht.<br \/>\n&#8211; die soziale Kompetenz des Einzelnen steigert.<br \/>\n&#8211; die Verantwortung f\u00fcr sich und das Ganze f\u00f6rdert.<br \/>\n&#8211; die Motivation f\u00f6rdert, da sich der Einzelne ernstgenommen f\u00fchlt.<br \/>\n&#8211; die Bearbeitung und L\u00f6sung von Spannungen und Konflikten erleichtert.<\/p>\n<p>Inhalte:<\/p>\n<p>Analyse des Ist &#8211; zustandes.<br \/>\n&#8211; Wie f\u00fchlt sich der Einzelne im Team?<br \/>\n&#8211; Wie sieht sich das Team als Ganzes?<br \/>\nErarbeitung der 11 Prinzipien der TZI.<br \/>\nAnhand von vorher eingebrachten Praxissituationen wird die Anwendung realistisch einge\u00fcbt.<br \/>\nDas Seminar richtet sich an Teams, Arbeits -und Projektgruppen.<\/p>\n<p>Dauer: 2 &#8211; 3 Tage.<\/p>\n ","protected":false},"excerpt":{"rendered":"<p>Teamtraining mit TZI bedeutet Themenzentrierte Interaktion. Es ist ein System, welches: &#8211; die f\u00fcnf Faktoren ( der Leiter, der Einzelne, die Gruppe, das Thema, die \u00e4u\u00dferen Bedingungen), in denen jede Themenorientierte Interaktion stattfindet, steuern hilft. &#8211; das Team zu einer sich zunehmend selbststeuernden Einheit macht. &#8211; die soziale Kompetenz des Einzelnen steigert. &#8211; die Verantwortung &hellip; <\/p>\n<p class=\"link-more\"><a href=\"https:\/\/gpflug.de\/website\/teamtraining\/\" class=\"more-link\"><span class=\"screen-reader-text\">\u201eTeamtraining\u201c <\/span>weiterlesen<\/a><\/p>\n","protected":false},"author":2,"featured_media":0,"parent":0,"menu_order":0,"comment_status":"closed","ping_status":"closed","template":"","meta":{"slim_seo":{"title":"Teamtraining - Yoga Life Gerhard Pflug","description":"Teamtraining mit TZI bedeutet Themenzentrierte Interaktion. Es ist ein System, welches: - die f\u00fcnf Faktoren ( der Leiter, der Einzelne, die Gruppe, das Thema, d"},"footnotes":""},"class_list":["post-274","page","type-page","status-publish","hentry"],"_links":{"self":[{"href":"https:\/\/gpflug.de\/website\/wp-json\/wp\/v2\/pages\/274","targetHints":{"allow":["GET"]}}],"collection":[{"href":"https:\/\/gpflug.de\/website\/wp-json\/wp\/v2\/pages"}],"about":[{"href":"https:\/\/gpflug.de\/website\/wp-json\/wp\/v2\/types\/page"}],"author":[{"embeddable":true,"href":"https:\/\/gpflug.de\/website\/wp-json\/wp\/v2\/users\/2"}],"replies":[{"embeddable":true,"href":"https:\/\/gpflug.de\/website\/wp-json\/wp\/v2\/comments?post=274"}],"version-history":[{"count":3,"href":"https:\/\/gpflug.de\/website\/wp-json\/wp\/v2\/pages\/274\/revisions"}],"predecessor-version":[{"id":779,"href":"https:\/\/gpflug.de\/website\/wp-json\/wp\/v2\/pages\/274\/revisions\/779"}],"wp:attachment":[{"href":"https:\/\/gpflug.de\/website\/wp-json\/wp\/v2\/media?parent=274"}],"curies":[{"name":"wp","href":"https:\/\/api.w.org\/{rel}","templated":true}]}}