{"id":268,"date":"2017-03-03T16:37:10","date_gmt":"2017-03-03T15:37:10","guid":{"rendered":"http:\/\/gpflug.de\/website\/?page_id=268"},"modified":"2017-11-12T08:08:42","modified_gmt":"2017-11-12T07:08:42","slug":"supervision","status":"publish","type":"page","link":"https:\/\/gpflug.de\/website\/supervision\/","title":{"rendered":"Supervision"},"content":{"rendered":"<p>&nbsp;<\/p>\n<p>Wer in st\u00e4ndigem Kontakt mit anderen Menschen ist und seine eigene Person als Arbeitsinstrument einsetzt, ben\u00f6tigt auch f\u00fcr sich selbst Begleitung.<br \/>\nDurch Reflexion des eigenen Handelns und Verhaltens werden Fehlentwicklungen offen gelegt. Eine Weiterentwicklung ist m\u00f6glich.<br \/>\nVorgesetzte stehen in st\u00e4ndigem Stress, sich beweisen zu m\u00fcssen, Mitarbeiter sp\u00fcren den Leistungsdruck und behalten Ideen und Gedanken f\u00fcr sich. Dies ist ein Verlust f\u00fcr die ganz Organisation<\/p>\n<p>Keine Pers\u00f6nlichkeit ist gleich. Folglich muss auch F\u00fchrungsverhalten auf die eigene Person abgestimmt werden. Supervision ist ein gesch\u00fctzter Rahmen, in dem St\u00e4rken und Schw\u00e4chen offen gelegt werden k\u00f6nnen und ein eigener Weg gefunden werden kann.<\/p>\n<p>Supervision bedeutet:<br \/>\n&#8211; Reflexion und Verbesserung des eigenen Auftretens<br \/>\n&#8211; Erhaltung der Arbeitsf\u00e4higkeit<br \/>\n&#8211; Beheben von St\u00f6rungen am Arbeitsplatz<br \/>\n&#8211; Verbesserung der Sozialkompetenz<br \/>\n&#8211; Reflexion und Optimierung der eigenen Rolle in welcher Funktion auch immer.<br \/>\n&#8211; Verbesserung der Konfliktf\u00e4higkeit<br \/>\n&#8211; Optimierung der Zusammenarbeit<\/p>\n<p>Es ist zwischen Einzel -und Gruppensupervision zu unterscheiden.<br \/>\nWas in Frage kommt, wird je nach Problemlage vorher abgekl\u00e4rt.<br \/>\nFallbeispiele aus der eigenen Praxis bilden bei beiden Formen die Basis.<\/p>\n<p>Dauer:<br \/>\nJe nach Bedarf kann bei Gruppensupervisionen \u00bd &#8211; 1 Tag angesetzt werden. Die Zeit f\u00fcr Einzelsupervision wird individuell abgekl\u00e4rt.<\/p>\n<p>Alle 4 &#8211; 8 Wochen sollten ca. 5 &#8211; 6 st\u00fcndige Supervisionstreffen stattfinden.<\/p>\n<p>&nbsp;<\/p>\n<p>&nbsp;<\/p>\n ","protected":false},"excerpt":{"rendered":"<p>&nbsp; Wer in st\u00e4ndigem Kontakt mit anderen Menschen ist und seine eigene Person als Arbeitsinstrument einsetzt, ben\u00f6tigt auch f\u00fcr sich selbst Begleitung. Durch Reflexion des eigenen Handelns und Verhaltens werden Fehlentwicklungen offen gelegt. Eine Weiterentwicklung ist m\u00f6glich. Vorgesetzte stehen in st\u00e4ndigem Stress, sich beweisen zu m\u00fcssen, Mitarbeiter sp\u00fcren den Leistungsdruck und behalten Ideen und Gedanken &hellip; <\/p>\n<p class=\"link-more\"><a href=\"https:\/\/gpflug.de\/website\/supervision\/\" class=\"more-link\"><span class=\"screen-reader-text\">\u201eSupervision\u201c <\/span>weiterlesen<\/a><\/p>\n","protected":false},"author":2,"featured_media":0,"parent":0,"menu_order":0,"comment_status":"closed","ping_status":"closed","template":"","meta":{"slim_seo":{"title":"Supervision - Yoga Life Gerhard Pflug","description":"&nbsp; Wer in st\u00e4ndigem Kontakt mit anderen Menschen ist und seine eigene Person als Arbeitsinstrument einsetzt, ben\u00f6tigt auch f\u00fcr sich selbst Begleitung. Durch"},"footnotes":""},"class_list":["post-268","page","type-page","status-publish","hentry"],"_links":{"self":[{"href":"https:\/\/gpflug.de\/website\/wp-json\/wp\/v2\/pages\/268","targetHints":{"allow":["GET"]}}],"collection":[{"href":"https:\/\/gpflug.de\/website\/wp-json\/wp\/v2\/pages"}],"about":[{"href":"https:\/\/gpflug.de\/website\/wp-json\/wp\/v2\/types\/page"}],"author":[{"embeddable":true,"href":"https:\/\/gpflug.de\/website\/wp-json\/wp\/v2\/users\/2"}],"replies":[{"embeddable":true,"href":"https:\/\/gpflug.de\/website\/wp-json\/wp\/v2\/comments?post=268"}],"version-history":[{"count":4,"href":"https:\/\/gpflug.de\/website\/wp-json\/wp\/v2\/pages\/268\/revisions"}],"predecessor-version":[{"id":778,"href":"https:\/\/gpflug.de\/website\/wp-json\/wp\/v2\/pages\/268\/revisions\/778"}],"wp:attachment":[{"href":"https:\/\/gpflug.de\/website\/wp-json\/wp\/v2\/media?parent=268"}],"curies":[{"name":"wp","href":"https:\/\/api.w.org\/{rel}","templated":true}]}}