{"id":265,"date":"2017-03-03T16:32:38","date_gmt":"2017-03-03T15:32:38","guid":{"rendered":"http:\/\/gpflug.de\/website\/?page_id=265"},"modified":"2017-03-03T16:32:38","modified_gmt":"2017-03-03T15:32:38","slug":"energie","status":"publish","type":"page","link":"https:\/\/gpflug.de\/website\/energie\/","title":{"rendered":"Energie"},"content":{"rendered":"<p>Ausgangslage:<\/p>\n<p>Es gibt Phasen im Leben, in denen sich ein Mensch nicht mehr als kreativ Schaffender, sondern als \u00fcberlastet, getrieben und eingeengt empfindet. Dies muss nicht real begr\u00fcndet sein. Vielmehr k\u00f6nnen sich, bedingt durch Krisenerlebnisse oder Stressfaktoren, falsche Lebenskonzepte gebildet haben. Dies stellt eine dauerhafte Minderung des Wohlbefindens und damit der Leistungsf\u00e4higkeit dar.<\/p>\n<p>Ziele:<\/p>\n<p>Die Teilnehmer\/innen lernen eine neue Ebene des Erlebens kennen und finden Zugang zu ihrem Potential.<\/p>\n<p>Hierdurch entsteht wieder mehr Freude am Dasein und am Beruf, was zu Leistungs-freisetzung f\u00fchrt.<\/p>\n<p>Sie bekommen konkrete \u00dcbungen und Handlungsanweisungen an die Hand, um unmittelbar auch im Alltag damit arbeiten zu k\u00f6nnen.<\/p>\n<p>Inhalte:<\/p>\n<p>Nach entsprechendem &#8222;warming up&#8220; erh\u00e4lt jede\/r Teilnehmer\/in Zeit, sich einzubrin-gen, sodass ein individuelles Profil erstellt werden kann.<\/p>\n<p>Durch \u00dcbungen aus verschiedenen K\u00f6rperorientierten Methoden werden Blockaden bewusst und einer L\u00f6sung zug\u00e4nglich gemacht.<\/p>\n<p>Es werden Techniken und M\u00f6glichkeiten, zur Selbststabilisierung vermittelt.<\/p>\n<p>\u00dcbungen, die die Phantasie und Kreativit\u00e4t wecken, schaffen Zutrauen ins eigene K\u00f6nnen.<\/p>\n<p>Durch eine Kombination von \u00dcbungen und Gespr\u00e4chen \u00fcber Arbeitsphilosophie &#8211; und Einstellungen werden den Teilnehmer\/innen M\u00f6glichkeiten zum Stressmanagement an die Hand gegeben.<\/p>\n<p>Reflexion wenig konstruktiver Einstellungen gegen\u00fcber Menschen und der eigenen T\u00e4tigkeit.<br \/>\nErarbeitung neuer Konzepte.<\/p>\n<p>Mit jedem\/r Teilnehmer\/in wird ein Ausblick f\u00fcr die weitere Zukunft erarbeitet.<\/p>\n<p>Dauer:<\/p>\n<p>Je nach Teilnehmerzahl und Intensit\u00e4t veranschlage ich 2-3 Tage.<\/p>\n<p>Zur Transfersicherung w\u00e4re nach einigen Wochen ein weiteres eint\u00e4giges Treffen empfehlenswert.<\/p>\n<p>&nbsp;<\/p>\n<p>&nbsp;<\/p>\n ","protected":false},"excerpt":{"rendered":"<p>Ausgangslage: Es gibt Phasen im Leben, in denen sich ein Mensch nicht mehr als kreativ Schaffender, sondern als \u00fcberlastet, getrieben und eingeengt empfindet. Dies muss nicht real begr\u00fcndet sein. Vielmehr k\u00f6nnen sich, bedingt durch Krisenerlebnisse oder Stressfaktoren, falsche Lebenskonzepte gebildet haben. Dies stellt eine dauerhafte Minderung des Wohlbefindens und damit der Leistungsf\u00e4higkeit dar. Ziele: Die &hellip; <\/p>\n<p class=\"link-more\"><a href=\"https:\/\/gpflug.de\/website\/energie\/\" class=\"more-link\"><span class=\"screen-reader-text\">\u201eEnergie\u201c <\/span>weiterlesen<\/a><\/p>\n","protected":false},"author":2,"featured_media":0,"parent":0,"menu_order":0,"comment_status":"closed","ping_status":"closed","template":"","meta":{"slim_seo":{"title":"Energie - Yoga Life Gerhard Pflug","description":"Ausgangslage: Es gibt Phasen im Leben, in denen sich ein Mensch nicht mehr als kreativ Schaffender, sondern als \u00fcberlastet, getrieben und eingeengt empfindet. D"},"footnotes":""},"class_list":["post-265","page","type-page","status-publish","hentry"],"_links":{"self":[{"href":"https:\/\/gpflug.de\/website\/wp-json\/wp\/v2\/pages\/265","targetHints":{"allow":["GET"]}}],"collection":[{"href":"https:\/\/gpflug.de\/website\/wp-json\/wp\/v2\/pages"}],"about":[{"href":"https:\/\/gpflug.de\/website\/wp-json\/wp\/v2\/types\/page"}],"author":[{"embeddable":true,"href":"https:\/\/gpflug.de\/website\/wp-json\/wp\/v2\/users\/2"}],"replies":[{"embeddable":true,"href":"https:\/\/gpflug.de\/website\/wp-json\/wp\/v2\/comments?post=265"}],"version-history":[{"count":1,"href":"https:\/\/gpflug.de\/website\/wp-json\/wp\/v2\/pages\/265\/revisions"}],"predecessor-version":[{"id":266,"href":"https:\/\/gpflug.de\/website\/wp-json\/wp\/v2\/pages\/265\/revisions\/266"}],"wp:attachment":[{"href":"https:\/\/gpflug.de\/website\/wp-json\/wp\/v2\/media?parent=265"}],"curies":[{"name":"wp","href":"https:\/\/api.w.org\/{rel}","templated":true}]}}