{"id":237,"date":"2017-03-03T14:17:53","date_gmt":"2017-03-03T13:17:53","guid":{"rendered":"http:\/\/gpflug.de\/website\/?page_id=237"},"modified":"2019-05-18T11:21:21","modified_gmt":"2019-05-18T09:21:21","slug":"meine-buecher","status":"publish","type":"page","link":"https:\/\/gpflug.de\/website\/meine-buecher\/","title":{"rendered":"Meine B\u00fccher"},"content":{"rendered":"<p><strong>Durch Klicken auf den Buchtitel kommen Sie zur Bestellseite und zur Lesevorschau.<\/strong><\/p>\n<p style=\"text-align: justify;\"><a href=\"https:\/\/www.amazon.de\/gp\/product\/1505951089\" target=\"_blank\" rel=\"noopener noreferrer\"><img loading=\"lazy\" decoding=\"async\" class=\"alignleft wp-image-1566 size-full\" src=\"https:\/\/gpflug.de\/website\/wp-content\/uploads\/2019\/05\/jenseits.jpg\" alt=\"\" width=\"167\" height=\"250\" \/><\/a>Auf Grund einer beruflichen Krisensituation, die nat\u00fcrlich dann auch pers\u00f6nliche Auswirkungen hatte, entdeckte ich vor nunmehr \u00fcber vier Jahrzehnten f\u00fcr mich die Meditation. Damit begann ein seitdem w\u00e4hrender spiritueller Weg.<\/p>\n<p style=\"text-align: justify;\">Dieser Weg f\u00fchrte zun\u00e4chst in die Alternativszene nach England. Ich war in einem Zenkloster, in einer Landkommune und in Findhorn. Von dort ging es nach Bombay in das \u00e4lteste Yogainstitut der Welt und ich drang tief in die Lehren des Hinduismus und des Buddhismus ein. Durch drei\u00dfig Jahre Yogaunterricht und Reisen durch ganz Indien wurde das Land, seine Kultur, seine Religion und Philosophie meine geistige Heimat. Es war f\u00fcr mich ein quasi unbeflecktes Universum nach einer verkorksten christlichen Religionserziehung in Kindheit und Jugend.<\/p>\n<p style=\"text-align: justify;\">Nach einer Reise zu den heiligsten Orten Indiens: Kalkutta, Bhodgaya, Sarnat und Benares wurde mir zunehmend bewusst, dass mir als westlichem Menschen der gef\u00fchlsm\u00e4\u00dfig tiefste Zugang zu dieser Religiosit\u00e4t verwehrt bleibt. Mir wurde klar, dass meine spirituellen Wurzeln in den Gebeten und den Gutenachtliedern am Kinderbettchen liegen: \u201eWei\u00dft du, wieviel Sternlein stehen&#8230;.?\u201c<\/p>\n<p style=\"text-align: justify;\">So schob ich langsam den ganzen Wust aus S\u00fcndenglauben, den man mir als Christentum verkauft hatte, zur Seite und entdeckte endlich als Erwachsener, was christliches Denken und abendl\u00e4ndische Kultur eigentlich ist.<\/p>\n<p style=\"text-align: justify;\">Mein Weg verlief \u00fcber die Jahrzehnte, wie zu vermuten, nicht immer glatt. Ein Schritt vor und zwei zur\u00fcck war manchmal die Devise. Schmerzende Gelenke bei der Meditation, die Schwierigkeiten mit der vegetarischen K\u00fcche und die Versuche mit der Askese bleiben wohl niemandem erspart.<\/p>\n<p style=\"text-align: justify;\">Wer als potentieller Leser oder Leserin Lust hat, mich auf dem Weg zu begleiten und sich wohl in manchem selbst zu entdecken, sei herzlich eingeladen, das Buch zu lesen.<\/p>\n<p style=\"text-align: justify;\"><a href=\"https:\/\/www.amazon.de\/gp\/product\/3897671638\" target=\"_blank\" rel=\"noopener noreferrer\"><img loading=\"lazy\" decoding=\"async\" class=\"alignleft wp-image-1565 size-full\" src=\"https:\/\/gpflug.de\/website\/wp-content\/uploads\/2019\/05\/yoga.jpg\" alt=\"\" width=\"184\" height=\"250\" \/><\/a>&#8222;Das Yoga-Lehrbuch&#8220; ist ein Werk f\u00fcr Menschen, die sich sowohl mit der Yoga-Philosophie als auch mit Yoga-\u00dcbungen besch\u00e4ftigen m\u00f6chten. Es erm\u00f6glicht den Lesern einen sehr umfassenden Einblick in die Hintergr\u00fcnde und Ziele des Yoga. Mit vielen leicht zu erlernenden K\u00f6rper\u00fcbungen und Meditationstechniken sowie zahlreichen Fotos entstand ein hervorragendes Einsteigerbuch, das sogar Fortgeschrittenen noch einige neue Erkenntnisse bieten kann. Aufgelockert durch die Darstellung seiner pers\u00f6nlichen Erfahrungen, die gleichzeitig einen tiefen Einblick in innere Entwicklungsprozesse liefern, hat der Autor ein interessantes Werk f\u00fcr alle geschaffen, die mehr \u00fcber Yoga wissen m\u00f6chten.<\/p>\n<p>&nbsp;<\/p>\n<p style=\"text-align: justify;\"><a href=\"https:\/\/www.amazon.de\/gp\/product\/3833494417\" target=\"_blank\" rel=\"noopener noreferrer\"><img loading=\"lazy\" decoding=\"async\" class=\"alignleft wp-image-1564 size-full\" src=\"https:\/\/gpflug.de\/website\/wp-content\/uploads\/2019\/05\/staubsauger.jpg\" alt=\"\" width=\"177\" height=\"250\" \/><\/a>&#8222;Mit dem Staubsauger zur Erleuchtung&#8220; (Kindle E &#8211; Book Edition) ist ein Buch, das sich mit allt\u00e4glichen aber doch zentralen Situationen des Lebens besch\u00e4ftigt, in denen Yoga ganz konkret helfen kann. Es eignet sich f\u00fcr Leser, die ihrem Leben einen neuen Sinn geben wollen. Der Autor berichtet von seinen pers\u00f6nlichen Erfahrungen. Dadurch gewinnt das Werk Lebendigkeit und die philosophische und psychologische Dimension dieser Jahrtausendealten Technik wird greifbar.<br \/>\nEs ist sowohl f\u00fcr Anf\u00e4nger als auch Fortgeschrittene hervorragend geeignet und hilft, Yoga in den Alltag zu integrieren.<\/p>\n<p>&nbsp;<\/p>\n<p><a href=\"https:\/\/www.amazon.de\/gp\/product\/B000OY3M0M\" target=\"_blank\" rel=\"noopener noreferrer\"><img loading=\"lazy\" decoding=\"async\" class=\"alignleft wp-image-1563 size-full\" src=\"https:\/\/gpflug.de\/website\/wp-content\/uploads\/2019\/05\/yogacd.jpg\" alt=\"\" width=\"170\" height=\"156\" \/><\/a><\/p>\n ","protected":false},"excerpt":{"rendered":"<p>Durch Klicken auf den Buchtitel kommen Sie zur Bestellseite und zur Lesevorschau. Auf Grund einer beruflichen Krisensituation, die nat\u00fcrlich dann auch pers\u00f6nliche Auswirkungen hatte, entdeckte ich vor nunmehr \u00fcber vier Jahrzehnten f\u00fcr mich die Meditation. Damit begann ein seitdem w\u00e4hrender spiritueller Weg. Dieser Weg f\u00fchrte zun\u00e4chst in die Alternativszene nach England. Ich war in einem &hellip; <\/p>\n<p class=\"link-more\"><a href=\"https:\/\/gpflug.de\/website\/meine-buecher\/\" class=\"more-link\"><span class=\"screen-reader-text\">\u201eMeine B\u00fccher\u201c <\/span>weiterlesen<\/a><\/p>\n","protected":false},"author":2,"featured_media":257,"parent":0,"menu_order":0,"comment_status":"closed","ping_status":"closed","template":"","meta":{"slim_seo":{"title":"Meine B\u00fccher - Yoga Life Gerhard Pflug","description":"Durch Klicken auf den Buchtitel kommen Sie zur Bestellseite und zur Lesevorschau. Auf Grund einer beruflichen Krisensituation, die nat\u00fcrlich dann auch pers\u00f6nlic"},"footnotes":""},"class_list":["post-237","page","type-page","status-publish","has-post-thumbnail","hentry"],"_links":{"self":[{"href":"https:\/\/gpflug.de\/website\/wp-json\/wp\/v2\/pages\/237","targetHints":{"allow":["GET"]}}],"collection":[{"href":"https:\/\/gpflug.de\/website\/wp-json\/wp\/v2\/pages"}],"about":[{"href":"https:\/\/gpflug.de\/website\/wp-json\/wp\/v2\/types\/page"}],"author":[{"embeddable":true,"href":"https:\/\/gpflug.de\/website\/wp-json\/wp\/v2\/users\/2"}],"replies":[{"embeddable":true,"href":"https:\/\/gpflug.de\/website\/wp-json\/wp\/v2\/comments?post=237"}],"version-history":[{"count":10,"href":"https:\/\/gpflug.de\/website\/wp-json\/wp\/v2\/pages\/237\/revisions"}],"predecessor-version":[{"id":1569,"href":"https:\/\/gpflug.de\/website\/wp-json\/wp\/v2\/pages\/237\/revisions\/1569"}],"wp:featuredmedia":[{"embeddable":true,"href":"https:\/\/gpflug.de\/website\/wp-json\/wp\/v2\/media\/257"}],"wp:attachment":[{"href":"https:\/\/gpflug.de\/website\/wp-json\/wp\/v2\/media?parent=237"}],"curies":[{"name":"wp","href":"https:\/\/api.w.org\/{rel}","templated":true}]}}