{"id":192,"date":"2017-03-03T00:38:51","date_gmt":"2017-03-02T23:38:51","guid":{"rendered":"http:\/\/gpflug.de\/website\/?page_id=192"},"modified":"2019-08-22T23:14:23","modified_gmt":"2019-08-22T21:14:23","slug":"yoga","status":"publish","type":"page","link":"https:\/\/gpflug.de\/website\/yoga\/","title":{"rendered":"Yoga"},"content":{"rendered":"<p><img loading=\"lazy\" decoding=\"async\" class=\"alignleft size-medium wp-image-822\" src=\"https:\/\/gpflug.de\/website\/wp-content\/uploads\/2017\/11\/P1020623-191x300.jpg\" alt=\"\" width=\"191\" height=\"300\" srcset=\"https:\/\/gpflug.de\/website\/wp-content\/uploads\/2017\/11\/P1020623-191x300.jpg 191w, https:\/\/gpflug.de\/website\/wp-content\/uploads\/2017\/11\/P1020623-768x1205.jpg 768w, https:\/\/gpflug.de\/website\/wp-content\/uploads\/2017\/11\/P1020623-653x1024.jpg 653w, https:\/\/gpflug.de\/website\/wp-content\/uploads\/2017\/11\/P1020623.jpg 822w\" sizes=\"auto, (max-width: 191px) 100vw, 191px\" \/>Der Klassische Yoga &#8211; ein Weg zur Unabh\u00e4ngigkeit<\/p>\n<p>Wir k\u00f6nnen die Umwelt nur bedingt zu unseren Gunsten \u00e4ndern. Wir k\u00f6nnen innerlich aber so stabil werden, dass wir den Umst\u00e4nden, denen wir auf k\u00f6rperlicher und geistiger Ebene ausgesetzt sind, sicherer begegnen. Die f\u00fcnf Hauptrichtungen Hatha-, Raja-, Jnana-, Karma- und Bhaktiyoga, mit denen wir uns besch\u00e4ftigen werden, k\u00f6nnen dazu entscheidend beitragen. \u00dcber den K\u00f6rper, den Atem, die Selbstreflexion und die philosophischen Grundeinstellungen werden wir zu neuen Erfahrungen kommen. Wir erlernen k\u00f6rperliches und mentales Loslassen und sch\u00f6pfen Kraft in der Tiefenentspannung. Konzentrationsf\u00e4higkeit, Gelassenheit und k\u00f6rperliche Vitalit\u00e4t werden gest\u00e4rkt.<br \/>\nDie Techniken und \u00dcbungen, die wir machen sind leicht und f\u00fcr Menschen jeden Alters geeignet.<br \/>\nBitte Decke, bequeme Kleidung und Schreibzeug mitbringen.<\/p>\n<p>Das Bild oben zeigt Shiva Nataraja, K\u00f6nig der T\u00e4nzer. Er tanzt den Tanz der Sch\u00f6pfung und der Zerst\u00f6rung. Shiva repr\u00e4sentiert in der hinduistischen G\u00f6ttertrilogie den Aspekt des st\u00e4ndigen Werdens und Vergehens. Nichts in der materiellen Welt w\u00e4hrt ewig. Die Figur steht auf einem Zwerg. Damit ist das Eingeschr\u00e4nkte, Unwissende in jedem von uns gemeint. Es muss \u00fcberwunden werden, um zu einer ganzheitlichen Schau der Realit\u00e4t zu kommen. Diese Figur des T\u00e4nzers ist f\u00fcr mich insofern wichtig, als sie ihrem Wesen nach unber\u00fchrt vom Geschehen ist. Er tanzt in dieser Form gleichsam die Sch\u00f6pfung, ohne von ihr ber\u00fchrt zu sein.<br \/>\nDas Vorbild f\u00fcr uns k\u00f6nnte darin bestehen, dass auch wir unser Leben eher als Tanz sehen, ohne uns im doch immer Wechselvollen zu verfangen und zu straucheln.<\/p>\n<p>Diese Symbolik versuche ich in meinen Yogakursen immer wieder zum Bewusstsein zu bringen. R\u00fchrt doch ein gro\u00dfer Teil unserer k\u00f6rperlichen und psychischen Probleme aus der mangelnden F\u00e4higkeit, sich auf einen kontinuierlichen Prozess des st\u00e4ndigen Wandels einzulassen. Vielmehr versuchen wir, die Dinge festzuhalten und verh\u00e4rten dadurch.<br \/>\nYoga gegen Herzinfarkt und Bluthochdruck<\/p>\n<p>Der Infarkt ist eine der &#8222;popul\u00e4rsten&#8220; Erkrankungen unserer Zeit. Er betrifft vor allem M\u00e4nner, zunehmend aber auch Frauen.<br \/>\nDieser Kompaktkurs soll der Vorbeugung, aber auch der Heilunterst\u00fctzung bei Infarktpatienten und unter Hochdruck Leidenden dienen.<\/p>\n<p>Inhalte:<\/p>\n<ul>\n<li>Leichte K\u00f6rper &#8211; und Atemtechniken zur k\u00f6rperlich &#8211; geistigen Harmonisierung<\/li>\n<li>Vermittlung einer nicht krankmachenden Lebensweise<\/li>\n<li>Umgang mit eigenen Gef\u00fchlen<\/li>\n<li>Diskussion einer positiven Lebensphilosophie<\/li>\n<li>Gespr\u00e4che \u00fcber Ursachen und Schwierigkeiten<\/li>\n<li>Sonstige Fragen und Austausch nach den Bed\u00fcrfnissen der Teilnehmer<\/li>\n<\/ul>\n<p>&nbsp;<\/p>\n<p>Die Philosophie des Yoga<\/p>\n<p>Dieser Kurs ist f\u00fcr Menschen gedacht, die ihre Erfahrungen mit Yoga vertiefen und weiter in ihr Leben integrieren m\u00f6chten.<br \/>\nAsana, der Teil des Yoga, der sich mit dem K\u00f6rper besch\u00e4ftigt, ist nur eine Teil des Achtfachen Pfades. Trotzdem steht er h\u00e4ufig an dominanter Stelle im Verst\u00e4ndnis Vieler.<br \/>\nAngestrebte Ver\u00e4nderungen in der Lebenspraxis und bei vielen Problemen setzen aber einen Wechsel der inneren Einstellungen und Strukturen voraus. Das bedeutet auch, dass &#8222;der Blick auf die Welt&#8220; ver\u00e4ndert werden muss. Nach dem Grundsatz &#8222;Wie innen so au\u00dfen&#8220; ergibt sich so eine Ver\u00e4nderung der Verhaltensweisen. Dies wird neben der Bereitschaft zur Selbstreflexion durch philosophische Sichtweisen erleichtert. Wir besch\u00e4ftigen uns mit den Yogasutren des Patanjali sowie den Aussagen aus Jnana-Bhakti &#8211; und Karmayoga.<br \/>\nBreiten Raum wird der Erfahrungsaustausch sowie die Umsetzung des Erarbeiteten in den Alltag einnehmen.<br \/>\nDieser Kurs ist auch als Fortbildung f\u00fcr Yogakursleiter geeignet.<\/p>\n<p>&nbsp;<\/p>\n<p>Psychosomatische Gruppen &#8211; und Einzelarbeit<\/p>\n<p>Was ist Psychosomatik?<br \/>\nJede k\u00f6rperliche Erkrankung hat einen psychischen Hintergrund. Man kann sagen, dass k\u00f6rperliche Symptome in vielen F\u00e4llen ungel\u00f6ste psychische Probleme sind, die dann vom K\u00f6rper ausagiert werden m\u00fcssen. Dies funktioniert erfahrungsgem\u00e4\u00df nur eine begrenzte Zeit, bis das Leiden schlie\u00dflich chronisch wird. Entsprechend dem Charakter des Einzelnen zeigt sich das in einem bestimmten Organbereich, der dann letztendlich ausf\u00e4llt.<\/p>\n<p>Was geschieht in der psychosomatischen Arbeit?<\/p>\n<ul>\n<li>durch psychotherapeutische Arbeit werden krankmachende innere Strukturen und \u00c4ngste deutlich. Es geht darum, wieder Vertrauen zu sich selbst und in seinen eigenen Prozess zu gewinnen, um eine Ver\u00e4nderung zu erm\u00f6glichen.<\/li>\n<li>durch gezielte Yogatherapie und andere k\u00f6rperorientierte Methoden wird eine Vitalisierung und Entspannung sowohl f\u00fcr den Gesamtorganismus als auch f\u00fcr die betreffenden Organe und Systeme angestrebt.<\/li>\n<li>Auseinandersetzung mit philosophischen Betrachtungsweisen, um zu einer harmonischen, ausgeglichenen Weltsicht zu gelangen.<\/li>\n<\/ul>\n<p>F\u00fcr folgende Krankheitsbilder finden Gruppen statt:<\/p>\n<ul>\n<li>Diabetes<\/li>\n<li>Asthma und Erkrankungen der Atemwege<\/li>\n<li>Hoher und niederer Blutdruck<\/li>\n<li>Koronare Herzkrankheiten<\/li>\n<li>Magenerkrankungen<\/li>\n<li>Erkrankungen der Haut<\/li>\n<\/ul>\n<p>Nach einem einleitenden Beratungsgespr\u00e4ch entscheiden wir, ob eine Einzel- oder Gruppentherapie angezeigt ist.<br \/>\nTermine auf Anfrage.<\/p>\n<p>&nbsp;<\/p>\n<p>&nbsp;<\/p>\n<p>&nbsp;<\/p>\n<p>&nbsp;<\/p>\n<p>&nbsp;<\/p>\n<p>&nbsp;<\/p>\n<p>&nbsp;<\/p>\n<p>&nbsp;<\/p>\n ","protected":false},"excerpt":{"rendered":"<p>Der Klassische Yoga &#8211; ein Weg zur Unabh\u00e4ngigkeit Wir k\u00f6nnen die Umwelt nur bedingt zu unseren Gunsten \u00e4ndern. Wir k\u00f6nnen innerlich aber so stabil werden, dass wir den Umst\u00e4nden, denen wir auf k\u00f6rperlicher und geistiger Ebene ausgesetzt sind, sicherer begegnen. Die f\u00fcnf Hauptrichtungen Hatha-, Raja-, Jnana-, Karma- und Bhaktiyoga, mit denen wir uns besch\u00e4ftigen werden, &hellip; <\/p>\n<p class=\"link-more\"><a href=\"https:\/\/gpflug.de\/website\/yoga\/\" class=\"more-link\"><span class=\"screen-reader-text\">\u201eYoga\u201c <\/span>weiterlesen<\/a><\/p>\n","protected":false},"author":1,"featured_media":0,"parent":0,"menu_order":0,"comment_status":"closed","ping_status":"closed","template":"","meta":{"slim_seo":{"title":"Yoga - Yoga Life Gerhard Pflug","description":"Der Klassische Yoga - ein Weg zur Unabh\u00e4ngigkeit Wir k\u00f6nnen die Umwelt nur bedingt zu unseren Gunsten \u00e4ndern. Wir k\u00f6nnen innerlich aber so stabil werden, dass w"},"footnotes":""},"class_list":["post-192","page","type-page","status-publish","hentry"],"_links":{"self":[{"href":"https:\/\/gpflug.de\/website\/wp-json\/wp\/v2\/pages\/192","targetHints":{"allow":["GET"]}}],"collection":[{"href":"https:\/\/gpflug.de\/website\/wp-json\/wp\/v2\/pages"}],"about":[{"href":"https:\/\/gpflug.de\/website\/wp-json\/wp\/v2\/types\/page"}],"author":[{"embeddable":true,"href":"https:\/\/gpflug.de\/website\/wp-json\/wp\/v2\/users\/1"}],"replies":[{"embeddable":true,"href":"https:\/\/gpflug.de\/website\/wp-json\/wp\/v2\/comments?post=192"}],"version-history":[{"count":7,"href":"https:\/\/gpflug.de\/website\/wp-json\/wp\/v2\/pages\/192\/revisions"}],"predecessor-version":[{"id":1718,"href":"https:\/\/gpflug.de\/website\/wp-json\/wp\/v2\/pages\/192\/revisions\/1718"}],"wp:attachment":[{"href":"https:\/\/gpflug.de\/website\/wp-json\/wp\/v2\/media?parent=192"}],"curies":[{"name":"wp","href":"https:\/\/api.w.org\/{rel}","templated":true}]}}